{"id":7152,"date":"2024-05-21T15:21:47","date_gmt":"2024-05-21T12:21:47","guid":{"rendered":"https:\/\/digikaaslane.spordimuuseum.ee\/?page_id=7152"},"modified":"2024-05-22T11:45:41","modified_gmt":"2024-05-22T08:45:41","slug":"abi","status":"publish","type":"page","link":"https:\/\/digikaaslane.spordimuuseum.ee\/fi\/abi\/","title":{"rendered":"Auta"},"content":{"rendered":"\n<p>Jos sinulla on kysytt\u00e4v\u00e4\u00e4, ota rohkeasti yhteytt\u00e4 vierailijavastaavaan tai l\u00f6yd\u00e4 vastaus t\u00e4\u00e4lt\u00e4:<\/p>\n\n\n\n\t<div id=\"help-info-block-block_cc8002fb4932f3c247a3a8f6b1b9ba44\" class=\"help-info-block\">\n\t\t\t\t\t\t\t\t<div class=\"accordion d-flex flex-column\">\n\t\t\t\t<span class=\"main_title title d-flex align-items-center\">1. KENRAALI<\/span>\n\t\t\t\t\t\t\t\t\t<div class=\"main_content content\">\n\t\t\t\t\t\t\t\t\t\t\t\t\t\t\t\t\t\t\t\t<div class=\"d-flex align-items-start sub_accordion\">\n\t\t\t\t\t\t\t\t\t\t\t\t\t\t\t\t\t\t\t\t\t\t\t\t\t<div class=\"d-flex justify-content-center align-items-center icon-wrap\" style=\"background-color: rgb(21,21,64)\">\n\t\t\t\t\t\t\t\t\t\t<img loading=\"lazy\" decoding=\"async\" src=\"https:\/\/digikaaslane.spordimuuseum.ee\/wp-content\/uploads\/2022\/04\/qr_scan.svg\" width=\"70\" height=\"70\" alt=\"\">\n\t\t\t\t\t\t\t\t\t<\/div>\n\t\t\t\t\t\t\t\t\t\t\t\t\t\t\t\t<span class=\"sub_title\"><p>Skannaa lattiatarroista QR-koodit, jotka ohjaavat sinut oikeaan paikkaan n\u00e4yttelyss\u00e4, eli huoneeseen, jossa olet t\u00e4ll\u00e4 hetkell\u00e4.<\/p>\n<\/span>\n\t\t\t\t\t\t\t<\/div>\n\t\t\t\t\t\t\t\t\t\t\t\t\t\t\t\t\t\t\t\t<div class=\"d-flex align-items-start sub_accordion\">\n\t\t\t\t\t\t\t\t\t\t\t\t\t\t\t\t\t\t\t\t\t\t\t\t\t<div class=\"d-flex justify-content-center align-items-center icon-wrap\" style=\"background-color: rgb(21,21,64)\">\n\t\t\t\t\t\t\t\t\t\t<img loading=\"lazy\" decoding=\"async\" src=\"https:\/\/digikaaslane.spordimuuseum.ee\/wp-content\/uploads\/2022\/02\/digital_guide.svg\" width=\"21\" height=\"24\" alt=\"\">\n\t\t\t\t\t\t\t\t\t<\/div>\n\t\t\t\t\t\t\t\t\t\t\t\t\t\t\t\t<span class=\"sub_title\"><p>Digioppaan avulla p\u00e4\u00e4set tutustumaan rakennus- ja n\u00e4yttelysuunnitelmaan ja kuuntelemaan perusn\u00e4yttelyn &#8221;Viron urheilun tarina&#8221; lis\u00e4tarinoita. \u00c4\u00e4niopas on entinen jalkapalloilija Jari Litmanen.<\/p>\n<\/span>\n\t\t\t\t\t\t\t<\/div>\n\t\t\t\t\t\t\t\t\t\t\t\t\t\t\t\t\t\t\t\t<div class=\"d-flex align-items-start sub_accordion\">\n\t\t\t\t\t\t\t\t\t\t\t\t\t\t\t\t\t\t\t\t\t\t\t\t\t<div class=\"d-flex justify-content-center align-items-center icon-wrap\" style=\"background-color: rgb(21,21,64)\">\n\t\t\t\t\t\t\t\t\t\t<img loading=\"lazy\" decoding=\"async\" src=\"https:\/\/digikaaslane.spordimuuseum.ee\/wp-content\/uploads\/2022\/02\/controller.svg\" width=\"39\" height=\"19\" alt=\"\">\n\t\t\t\t\t\t\t\t\t<\/div>\n\t\t\t\t\t\t\t\t\t\t\t\t\t\t\t\t<span class=\"sub_title\"><p>Pelaa j\u00e4nnitt\u00e4vi\u00e4 tietokilpailuja digitaalisen kumppanisi kanssa ja testaa tietosi Viron urheiluhistoriasta!<\/p>\n<\/span>\n\t\t\t\t\t\t\t<\/div>\n\t\t\t\t\t\t\t\t\t\t\t\t\t\t\t\t\t\t\t\t<div class=\"d-flex align-items-start sub_accordion\">\n\t\t\t\t\t\t\t\t\t\t\t\t\t\t\t\t\t\t\t\t\t\t\t\t\t<div class=\"d-flex justify-content-center align-items-center icon-wrap\" style=\"background-color: rgb(21,21,64)\">\n\t\t\t\t\t\t\t\t\t\t<img loading=\"lazy\" decoding=\"async\" src=\"https:\/\/digikaaslane.spordimuuseum.ee\/wp-content\/uploads\/2022\/02\/bookmark.svg\" width=\"21\" height=\"26\" alt=\"\">\n\t\t\t\t\t\t\t\t\t<\/div>\n\t\t\t\t\t\t\t\t\t\t\t\t\t\t\t\t<span class=\"sub_title\"><p>Kerro meille, kuinka pidit siit\u00e4! J\u00e4t\u00e4 palautetta suoraan meille tai kirjoita Tripadvisoriin.<\/p>\n<\/span>\n\t\t\t\t\t\t\t<\/div>\n\t\t\t\t\t\t\t\t\t\t\t\t\t\t\t\t\t\t\t\t<div class=\"d-flex align-items-start sub_accordion\">\n\t\t\t\t\t\t\t\t\t\t\t\t\t\t\t\t\t\t\t\t\t\t\t\t\t<div class=\"d-flex justify-content-center align-items-center icon-wrap\" style=\"background-color: \">\n\t\t\t\t\t\t\t\t\t\t<img loading=\"lazy\" decoding=\"async\" src=\"https:\/\/digikaaslane.spordimuuseum.ee\/wp-content\/uploads\/2022\/04\/headphones.svg\" width=\"115\" height=\"122\" alt=\"\">\n\t\t\t\t\t\t\t\t\t<\/div>\n\t\t\t\t\t\t\t\t\t\t\t\t\t\t\t\t<span class=\"sub_title\"><p>\u00c4\u00e4niraitojen kuuntelua varten lainaa uudelleen k\u00e4ytett\u00e4v\u00e4t tai osta kertak\u00e4ytt\u00f6iset kuulokkeet museon kassalta.<\/p>\n<\/span>\n\t\t\t\t\t\t\t<\/div>\n\t\t\t\t\t\t\t\t\t\t\t<\/div>\n\t\t\t\t\t\t\t<\/div>\t\t\t\n\t\t\t\t\t\t\t\t<div class=\"accordion d-flex flex-column\">\n\t\t\t\t<span class=\"main_title title d-flex align-items-center\">2. DIGITAALINEN OPAS<\/span>\n\t\t\t\t\t\t\t\t\t<div class=\"main_content content\">\n\t\t\t\t\t\t\t\t\t\t\t\t\t\t\t\t\t\t\t\t<div class=\"d-flex align-items-start sub_accordion\">\n\t\t\t\t\t\t\t\t\t\t\t\t\t\t\t\t\t\t\t\t\t\t\t\t\t<div class=\"d-flex justify-content-center align-items-center icon-wrap\" style=\"background-color: \">\n\t\t\t\t\t\t\t\t\t\t<img loading=\"lazy\" decoding=\"async\" src=\"https:\/\/digikaaslane.spordimuuseum.ee\/wp-content\/uploads\/2022\/04\/start.jpg\" width=\"150\" height=\"116\" alt=\"\">\n\t\t\t\t\t\t\t\t\t<\/div>\n\t\t\t\t\t\t\t\t\t\t\t\t\t\t\t\t<span class=\"sub_title\"><p>Matka n\u00e4yttelyn l\u00e4pi<\/p>\n<\/span>\n\t\t\t\t\t\t\t<\/div>\n\t\t\t\t\t\t\t\t\t\t\t\t\t\t\t\t\t\t\t\t<div class=\"d-flex align-items-start sub_accordion\">\n\t\t\t\t\t\t\t\t\t\t\t\t\t\t\t\t\t\t\t\t\t\t\t\t\t<div class=\"d-flex justify-content-center align-items-center icon-wrap\" style=\"background-color: rgb(21,21,64)\">\n\t\t\t\t\t\t\t\t\t\t<img loading=\"lazy\" decoding=\"async\" src=\"https:\/\/digikaaslane.spordimuuseum.ee\/wp-content\/uploads\/2022\/02\/wc-1.svg\" width=\"39\" height=\"39\" alt=\"\">\n\t\t\t\t\t\t\t\t\t<\/div>\n\t\t\t\t\t\t\t\t\t\t\t\t\t\t\t\t<span class=\"sub_title\"><p>Huoneiden selitykset talosuunnitelmassa &#8211; klikkaa kuvaketta!<\/p>\n<\/span>\n\t\t\t\t\t\t\t<\/div>\n\t\t\t\t\t\t\t\t\t\t\t\t\t\t\t\t\t\t\t\t<div class=\"d-flex align-items-start sub_accordion\">\n\t\t\t\t\t\t\t\t\t\t\t\t\t\t\t\t\t\t\t\t\t\t\t\t\t<div class=\"d-flex justify-content-center align-items-center icon-wrap\" style=\"background-color: rgb(21,21,64)\">\n\t\t\t\t\t\t\t\t\t\t<img loading=\"lazy\" decoding=\"async\" src=\"https:\/\/digikaaslane.spordimuuseum.ee\/wp-content\/uploads\/2021\/11\/i.svg\" width=\"74\" height=\"74\" alt=\"\">\n\t\t\t\t\t\t\t\t\t<\/div>\n\t\t\t\t\t\t\t\t\t\t\t\t\t\t\t\t<span class=\"sub_title\"><p>N\u00e4yttelyn huonetta\/aluetta esittelev\u00e4 ikoni<\/p>\n<\/span>\n\t\t\t\t\t\t\t<\/div>\n\t\t\t\t\t\t\t\t\t\t\t\t\t\t\t\t\t\t\t\t<div class=\"d-flex align-items-start sub_accordion\">\n\t\t\t\t\t\t\t\t\t\t\t\t\t\t\t\t\t\t\t\t\t\t\t\t\t<div class=\"d-flex justify-content-center align-items-center icon-wrap\" style=\"background-color: rgb(21,21,64)\">\n\t\t\t\t\t\t\t\t\t\t<img loading=\"lazy\" decoding=\"async\" src=\"https:\/\/digikaaslane.spordimuuseum.ee\/wp-content\/uploads\/2022\/01\/icon2.png\" width=\"256\" height=\"256\" alt=\"\">\n\t\t\t\t\t\t\t\t\t<\/div>\n\t\t\t\t\t\t\t\t\t\t\t\t\t\t\t\t<span class=\"sub_title\"><p>Lis\u00e4raita audiolla<\/p>\n<\/span>\n\t\t\t\t\t\t\t<\/div>\n\t\t\t\t\t\t\t\t\t\t\t\t\t\t\t\t\t\t\t\t<div class=\"d-flex align-items-start sub_accordion\">\n\t\t\t\t\t\t\t\t\t\t\t\t\t\t\t\t\t\t\t\t\t\t\t\t\t<div class=\"d-flex justify-content-center align-items-center icon-wrap\" style=\"background-color: rgb(21,21,64)\">\n\t\t\t\t\t\t\t\t\t\t<img loading=\"lazy\" decoding=\"async\" src=\"https:\/\/digikaaslane.spordimuuseum.ee\/wp-content\/uploads\/2022\/04\/image.png\" width=\"64\" height=\"64\" alt=\"\">\n\t\t\t\t\t\t\t\t\t<\/div>\n\t\t\t\t\t\t\t\t\t\t\t\t\t\t\t\t<span class=\"sub_title\"><p>Liikesuunta virtuaalikierroksella<\/p>\n<\/span>\n\t\t\t\t\t\t\t<\/div>\n\t\t\t\t\t\t\t\t\t\t\t<\/div>\n\t\t\t\t\t\t\t<\/div>\t\t\t\n\t\t\t<\/div>\n","protected":false},"excerpt":{"rendered":"Jos sinulla on kysytt\u00e4v\u00e4\u00e4, ota rohkeasti yhteytt\u00e4 vierailijavastaavaan tai l\u00f6yd\u00e4 vastaus t\u00e4\u00e4lt\u00e4:","protected":false},"author":11,"featured_media":0,"parent":0,"menu_order":0,"comment_status":"closed","ping_status":"closed","template":"","meta":{"footnotes":""},"class_list":["post-7152","page","type-page","status-publish","hentry"],"acf":[],"_links":{"self":[{"href":"https:\/\/digikaaslane.spordimuuseum.ee\/fi\/wp-json\/wp\/v2\/pages\/7152","targetHints":{"allow":["GET"]}}],"collection":[{"href":"https:\/\/digikaaslane.spordimuuseum.ee\/fi\/wp-json\/wp\/v2\/pages"}],"about":[{"href":"https:\/\/digikaaslane.spordimuuseum.ee\/fi\/wp-json\/wp\/v2\/types\/page"}],"author":[{"embeddable":true,"href":"https:\/\/digikaaslane.spordimuuseum.ee\/fi\/wp-json\/wp\/v2\/users\/11"}],"replies":[{"embeddable":true,"href":"https:\/\/digikaaslane.spordimuuseum.ee\/fi\/wp-json\/wp\/v2\/comments?post=7152"}],"version-history":[{"count":6,"href":"https:\/\/digikaaslane.spordimuuseum.ee\/fi\/wp-json\/wp\/v2\/pages\/7152\/revisions"}],"predecessor-version":[{"id":7877,"href":"https:\/\/digikaaslane.spordimuuseum.ee\/fi\/wp-json\/wp\/v2\/pages\/7152\/revisions\/7877"}],"wp:attachment":[{"href":"https:\/\/digikaaslane.spordimuuseum.ee\/fi\/wp-json\/wp\/v2\/media?parent=7152"}],"curies":[{"name":"wp","href":"https:\/\/api.w.org\/{rel}","templated":true}]}}