{"id":7825,"date":"2021-08-05T17:08:49","date_gmt":"2021-08-05T14:08:49","guid":{"rendered":"https:\/\/digikaaslane.spordimuuseum.ee\/tagasiside\/"},"modified":"2024-05-22T11:41:49","modified_gmt":"2024-05-22T08:41:49","slug":"tagasiside","status":"publish","type":"page","link":"https:\/\/digikaaslane.spordimuuseum.ee\/fi\/tagasiside\/","title":{"rendered":"Palaute"},"content":{"rendered":"\n<p>Kiitos vierailustasi Baltian maiden suurimmassa ja moderneimmassa urheilumuseossa! Palautteesi on meille eritt\u00e4in t\u00e4rke\u00e4\u00e4.<\/p>\n","protected":false},"excerpt":{"rendered":"Kiitos vierailustasi Baltian maiden suurimmassa ja moderneimmassa urheilumuseossa! Palautteesi on meille eritt\u00e4in t\u00e4rke\u00e4\u00e4.","protected":false},"author":1,"featured_media":0,"parent":0,"menu_order":0,"comment_status":"closed","ping_status":"closed","template":"page-templates\/template-feedback.php","meta":{"footnotes":""},"class_list":["post-7825","page","type-page","status-publish","hentry"],"acf":[],"_links":{"self":[{"href":"https:\/\/digikaaslane.spordimuuseum.ee\/fi\/wp-json\/wp\/v2\/pages\/7825","targetHints":{"allow":["GET"]}}],"collection":[{"href":"https:\/\/digikaaslane.spordimuuseum.ee\/fi\/wp-json\/wp\/v2\/pages"}],"about":[{"href":"https:\/\/digikaaslane.spordimuuseum.ee\/fi\/wp-json\/wp\/v2\/types\/page"}],"author":[{"embeddable":true,"href":"https:\/\/digikaaslane.spordimuuseum.ee\/fi\/wp-json\/wp\/v2\/users\/1"}],"replies":[{"embeddable":true,"href":"https:\/\/digikaaslane.spordimuuseum.ee\/fi\/wp-json\/wp\/v2\/comments?post=7825"}],"version-history":[{"count":5,"href":"https:\/\/digikaaslane.spordimuuseum.ee\/fi\/wp-json\/wp\/v2\/pages\/7825\/revisions"}],"predecessor-version":[{"id":7874,"href":"https:\/\/digikaaslane.spordimuuseum.ee\/fi\/wp-json\/wp\/v2\/pages\/7825\/revisions\/7874"}],"wp:attachment":[{"href":"https:\/\/digikaaslane.spordimuuseum.ee\/fi\/wp-json\/wp\/v2\/media?parent=7825"}],"curies":[{"name":"wp","href":"https:\/\/api.w.org\/{rel}","templated":true}]}}