{"id":2989,"date":"2021-10-29T12:48:14","date_gmt":"2021-10-29T09:48:14","guid":{"rendered":"https:\/\/digikaaslane.spordimuuseum.ee\/abi\/"},"modified":"2022-04-28T14:57:55","modified_gmt":"2022-04-28T11:57:55","slug":"palidzet","status":"publish","type":"page","link":"https:\/\/digikaaslane.spordimuuseum.ee\/lv\/palidzet\/","title":{"rendered":"Pal\u012bdz\u0113t"},"content":{"rendered":"\n<p>Jaut\u0101jumu gad\u012bjum\u0101 dro\u0161i sazinieties ar muzeja darbiniekiem vai mekl\u0113jiet atbildi \u0161eit:<\/p>\n\n\n\n\t<div id=\"help-info-block-block_6267fac9d1c8b\" class=\"help-info-block\">\n\t\t\t\t\t\t\t\t<div class=\"accordion d-flex flex-column\">\n\t\t\t\t<span class=\"main_title title d-flex align-items-center\">1. VISP\u0100R\u012aGI<\/span>\n\t\t\t\t\t\t\t\t\t<div class=\"main_content content\">\n\t\t\t\t\t\t\t\t\t\t\t\t\t\t\t\t\t\t\t\t<div class=\"d-flex align-items-start sub_accordion\">\n\t\t\t\t\t\t\t\t\t\t\t\t\t\t\t\t\t\t\t\t\t\t\t\t\t<div class=\"d-flex justify-content-center align-items-center icon-wrap\" style=\"background-color: rgb(21,21,64)\">\n\t\t\t\t\t\t\t\t\t\t<img loading=\"lazy\" decoding=\"async\" src=\"https:\/\/digikaaslane.spordimuuseum.ee\/wp-content\/uploads\/2022\/04\/qr_scan.svg\" width=\"70\" height=\"70\" alt=\"\">\n\t\t\t\t\t\t\t\t\t<\/div>\n\t\t\t\t\t\t\t\t\t\t\t\t\t\t\t\t<span class=\"sub_title\"><p>Sken\u0113jiet QR kodus uz gr\u012bdas uzl\u012bm\u0113m, lai j\u016bs novirz\u012btu uz pareizo telpu izst\u0101d\u0113.<\/p>\n<\/span>\n\t\t\t\t\t\t\t<\/div>\n\t\t\t\t\t\t\t\t\t\t\t\t\t\t\t\t\t\t\t\t<div class=\"d-flex align-items-start sub_accordion\">\n\t\t\t\t\t\t\t\t\t\t\t\t\t\t\t\t\t\t\t\t\t\t\t\t\t<div class=\"d-flex justify-content-center align-items-center icon-wrap\" style=\"background-color: rgb(21,21,64)\">\n\t\t\t\t\t\t\t\t\t\t<img loading=\"lazy\" decoding=\"async\" src=\"https:\/\/digikaaslane.spordimuuseum.ee\/wp-content\/uploads\/2022\/02\/digital_guide.svg\" width=\"21\" height=\"24\" alt=\"\">\n\t\t\t\t\t\t\t\t\t<\/div>\n\t\t\t\t\t\t\t\t\t\t\t\t\t\t\t\t<span class=\"sub_title\"><p>Ar digit\u0101lo ce\u013cve\u017eu pal\u012bdz\u012bbu var iepaz\u012bties ar m\u0101ju un izst\u0101des pl\u0101nu un noklaus\u012bties past\u0101v\u012bg\u0101s ekspoz\u012bcijas &#8220;St\u0101sts par Igaunijas sportu&#8221; papildst\u0101stus. Audio ce\u013cvedis ir Latvijas septi\u0146c\u012b\u0146niece Laura Ikauniece.<\/p>\n<\/span>\n\t\t\t\t\t\t\t<\/div>\n\t\t\t\t\t\t\t\t\t\t\t\t\t\t\t\t\t\t\t\t<div class=\"d-flex align-items-start sub_accordion\">\n\t\t\t\t\t\t\t\t\t\t\t\t\t\t\t\t\t\t\t\t\t\t\t\t\t<div class=\"d-flex justify-content-center align-items-center icon-wrap\" style=\"background-color: rgb(21,21,64)\">\n\t\t\t\t\t\t\t\t\t\t<img loading=\"lazy\" decoding=\"async\" src=\"https:\/\/digikaaslane.spordimuuseum.ee\/wp-content\/uploads\/2022\/02\/controller.svg\" width=\"39\" height=\"19\" alt=\"\">\n\t\t\t\t\t\t\t\t\t<\/div>\n\t\t\t\t\t\t\t\t\t\t\t\t\t\t\t\t<span class=\"sub_title\"><p>Sp\u0113l\u0113jiet aizraujo\u0161as viktor\u012bnas kop\u0101 ar savu digit\u0101lo kompanjonu un p\u0101rbaudiet savas zin\u0101\u0161anas par Igaunijas sporta v\u0113sturi!<\/p>\n<\/span>\n\t\t\t\t\t\t\t<\/div>\n\t\t\t\t\t\t\t\t\t\t\t\t\t\t\t\t\t\t\t\t<div class=\"d-flex align-items-start sub_accordion\">\n\t\t\t\t\t\t\t\t\t\t\t\t\t\t\t\t\t\t\t\t\t\t\t\t\t<div class=\"d-flex justify-content-center align-items-center icon-wrap\" style=\"background-color: rgb(21,21,64)\">\n\t\t\t\t\t\t\t\t\t\t<img loading=\"lazy\" decoding=\"async\" src=\"https:\/\/digikaaslane.spordimuuseum.ee\/wp-content\/uploads\/2022\/02\/bookmark.svg\" width=\"21\" height=\"26\" alt=\"\">\n\t\t\t\t\t\t\t\t\t<\/div>\n\t\t\t\t\t\t\t\t\t\t\t\t\t\t\t\t<span class=\"sub_title\"><p>Past\u0101stiet mums, k\u0101 jums patika! Atst\u0101jiet atsauksmes tie\u0161i vai rakstiet uz <em>Tripadvisor<\/em>.<\/p>\n<\/span>\n\t\t\t\t\t\t\t<\/div>\n\t\t\t\t\t\t\t\t\t\t\t\t\t\t\t\t\t\t\t\t<div class=\"d-flex align-items-start sub_accordion\">\n\t\t\t\t\t\t\t\t\t\t\t\t\t\t\t\t\t\t\t\t\t\t\t\t\t<div class=\"d-flex justify-content-center align-items-center icon-wrap\" style=\"background-color: \">\n\t\t\t\t\t\t\t\t\t\t<img loading=\"lazy\" decoding=\"async\" src=\"https:\/\/digikaaslane.spordimuuseum.ee\/wp-content\/uploads\/2022\/04\/headphones.svg\" width=\"115\" height=\"122\" alt=\"\">\n\t\t\t\t\t\t\t\t\t<\/div>\n\t\t\t\t\t\t\t\t\t\t\t\t\t\t\t\t<span class=\"sub_title\"><p>Lai noklaus\u012btos audio st\u0101stus, aiz\u0146emieties atk\u0101rtoti lietojam\u0101s vai ieg\u0101d\u0101jieties vienreiz\u0113j\u0101s lieto\u0161anas austi\u0146as muzeja kas\u0113.<\/p>\n<\/span>\n\t\t\t\t\t\t\t<\/div>\n\t\t\t\t\t\t\t\t\t\t\t<\/div>\n\t\t\t\t\t\t\t<\/div>\t\t\t\n\t\t\t\t\t\t\t\t<div class=\"accordion d-flex flex-column\">\n\t\t\t\t<span class=\"main_title title d-flex align-items-center\">2. DIGIT\u0100LAIS CE\u013bVEDIS<\/span>\n\t\t\t\t\t\t\t\t\t<div class=\"main_content content\">\n\t\t\t\t\t\t\t\t\t\t\t\t\t\t\t\t\t\t\t\t<div class=\"d-flex align-items-start sub_accordion\">\n\t\t\t\t\t\t\t\t\t\t\t\t\t\t\t\t\t\t\t\t\t\t\t\t\t<div class=\"d-flex justify-content-center align-items-center icon-wrap\" style=\"background-color: \">\n\t\t\t\t\t\t\t\t\t\t<img loading=\"lazy\" decoding=\"async\" src=\"https:\/\/digikaaslane.spordimuuseum.ee\/wp-content\/uploads\/2022\/04\/start.jpg\" width=\"150\" height=\"116\" alt=\"\">\n\t\t\t\t\t\t\t\t\t<\/div>\n\t\t\t\t\t\t\t\t\t\t\t\t\t\t\t\t<span class=\"sub_title\"><p>Izst\u0101des mar\u0161ruts<\/p>\n<\/span>\n\t\t\t\t\t\t\t<\/div>\n\t\t\t\t\t\t\t\t\t\t\t\t\t\t\t\t\t\t\t\t<div class=\"d-flex align-items-start sub_accordion\">\n\t\t\t\t\t\t\t\t\t\t\t\t\t\t\t\t\t\t\t\t\t\t\t\t\t<div class=\"d-flex justify-content-center align-items-center icon-wrap\" style=\"background-color: rgb(21,21,64)\">\n\t\t\t\t\t\t\t\t\t\t<img loading=\"lazy\" decoding=\"async\" src=\"https:\/\/digikaaslane.spordimuuseum.ee\/wp-content\/uploads\/2022\/02\/wc-1.svg\" width=\"39\" height=\"39\" alt=\"\">\n\t\t\t\t\t\t\t\t\t<\/div>\n\t\t\t\t\t\t\t\t\t\t\t\t\t\t\t\t<span class=\"sub_title\"><p>Istabu skaidrojumi m\u0101jas pl\u0101n\u0101 &#8211; spied uz ikonas!<\/p>\n<\/span>\n\t\t\t\t\t\t\t<\/div>\n\t\t\t\t\t\t\t\t\t\t\t\t\t\t\t\t\t\t\t\t<div class=\"d-flex align-items-start sub_accordion\">\n\t\t\t\t\t\t\t\t\t\t\t\t\t\t\t\t\t\t\t\t\t\t\t\t\t<div class=\"d-flex justify-content-center align-items-center icon-wrap\" style=\"background-color: rgb(21,21,64)\">\n\t\t\t\t\t\t\t\t\t\t<img loading=\"lazy\" decoding=\"async\" src=\"https:\/\/digikaaslane.spordimuuseum.ee\/wp-content\/uploads\/2021\/11\/i.svg\" width=\"74\" height=\"74\" alt=\"\">\n\t\t\t\t\t\t\t\t\t<\/div>\n\t\t\t\t\t\t\t\t\t\t\t\t\t\t\t\t<span class=\"sub_title\"><p>Ikona, kas iepaz\u012bstina ar izst\u0101des telpu\/zonu<\/p>\n<\/span>\n\t\t\t\t\t\t\t<\/div>\n\t\t\t\t\t\t\t\t\t\t\t\t\t\t\t\t\t\t\t\t<div class=\"d-flex align-items-start sub_accordion\">\n\t\t\t\t\t\t\t\t\t\t\t\t\t\t\t\t\t\t\t\t\t\t\t\t\t<div class=\"d-flex justify-content-center align-items-center icon-wrap\" style=\"background-color: rgb(21,21,64)\">\n\t\t\t\t\t\t\t\t\t\t<img loading=\"lazy\" decoding=\"async\" src=\"https:\/\/digikaaslane.spordimuuseum.ee\/wp-content\/uploads\/2022\/01\/icon2.png\" width=\"256\" height=\"256\" alt=\"\">\n\t\t\t\t\t\t\t\t\t<\/div>\n\t\t\t\t\t\t\t\t\t\t\t\t\t\t\t\t<span class=\"sub_title\"><p>Papildu st\u0101sts ar audio<\/p>\n<\/span>\n\t\t\t\t\t\t\t<\/div>\n\t\t\t\t\t\t\t\t\t\t\t\t\t\t\t\t\t\t\t\t<div class=\"d-flex align-items-start sub_accordion\">\n\t\t\t\t\t\t\t\t\t\t\t\t\t\t\t\t\t\t\t\t\t\t\t\t\t<div class=\"d-flex justify-content-center align-items-center icon-wrap\" style=\"background-color: rgb(21,21,64)\">\n\t\t\t\t\t\t\t\t\t\t<img loading=\"lazy\" decoding=\"async\" src=\"https:\/\/digikaaslane.spordimuuseum.ee\/wp-content\/uploads\/2022\/04\/image.png\" width=\"64\" height=\"64\" alt=\"\">\n\t\t\t\t\t\t\t\t\t<\/div>\n\t\t\t\t\t\t\t\t\t\t\t\t\t\t\t\t<span class=\"sub_title\"><p>Kust\u012bbas virziens virtu\u0101laj\u0101 t\u016br\u0113<\/p>\n<\/span>\n\t\t\t\t\t\t\t<\/div>\n\t\t\t\t\t\t\t\t\t\t\t<\/div>\n\t\t\t\t\t\t\t<\/div>\t\t\t\n\t\t\t<\/div>\n","protected":false},"excerpt":{"rendered":"Jaut\u0101jumu gad\u012bjum\u0101 dro\u0161i sazinieties ar muzeja darbiniekiem vai mekl\u0113jiet atbildi \u0161eit:","protected":false},"author":1,"featured_media":0,"parent":0,"menu_order":0,"comment_status":"closed","ping_status":"closed","template":"","meta":{"footnotes":""},"class_list":["post-2989","page","type-page","status-publish","hentry"],"acf":[],"_links":{"self":[{"href":"https:\/\/digikaaslane.spordimuuseum.ee\/lv\/wp-json\/wp\/v2\/pages\/2989","targetHints":{"allow":["GET"]}}],"collection":[{"href":"https:\/\/digikaaslane.spordimuuseum.ee\/lv\/wp-json\/wp\/v2\/pages"}],"about":[{"href":"https:\/\/digikaaslane.spordimuuseum.ee\/lv\/wp-json\/wp\/v2\/types\/page"}],"author":[{"embeddable":true,"href":"https:\/\/digikaaslane.spordimuuseum.ee\/lv\/wp-json\/wp\/v2\/users\/1"}],"replies":[{"embeddable":true,"href":"https:\/\/digikaaslane.spordimuuseum.ee\/lv\/wp-json\/wp\/v2\/comments?post=2989"}],"version-history":[{"count":8,"href":"https:\/\/digikaaslane.spordimuuseum.ee\/lv\/wp-json\/wp\/v2\/pages\/2989\/revisions"}],"predecessor-version":[{"id":3683,"href":"https:\/\/digikaaslane.spordimuuseum.ee\/lv\/wp-json\/wp\/v2\/pages\/2989\/revisions\/3683"}],"wp:attachment":[{"href":"https:\/\/digikaaslane.spordimuuseum.ee\/lv\/wp-json\/wp\/v2\/media?parent=2989"}],"curies":[{"name":"wp","href":"https:\/\/api.w.org\/{rel}","templated":true}]}}