{"id":2992,"date":"2021-08-05T17:08:49","date_gmt":"2021-08-05T14:08:49","guid":{"rendered":"https:\/\/digikaaslane.spordimuuseum.ee\/tagasiside\/"},"modified":"2024-05-21T15:25:56","modified_gmt":"2024-05-21T12:25:56","slug":"atsauksmes","status":"publish","type":"page","link":"https:\/\/digikaaslane.spordimuuseum.ee\/lv\/atsauksmes\/","title":{"rendered":"Atsauksmes"},"content":{"rendered":"\n<p>Paldies, ka apmekl\u0113j\u0101t liel\u0101ko un modern\u0101ko sporta muzeju Baltijas valst\u012bs! J\u016bsu atsauksmes mums ir \u013coti svar\u012bgas.<\/p>\n","protected":false},"excerpt":{"rendered":"Paldies, ka apmekl\u0113j\u0101t liel\u0101ko un modern\u0101ko sporta muzeju Baltijas valst\u012bs! J\u016bsu atsauksmes mums ir \u013coti svar\u012bgas.","protected":false},"author":1,"featured_media":0,"parent":0,"menu_order":0,"comment_status":"closed","ping_status":"closed","template":"page-templates\/template-feedback.php","meta":{"footnotes":""},"class_list":["post-2992","page","type-page","status-publish","hentry"],"acf":[],"_links":{"self":[{"href":"https:\/\/digikaaslane.spordimuuseum.ee\/lv\/wp-json\/wp\/v2\/pages\/2992","targetHints":{"allow":["GET"]}}],"collection":[{"href":"https:\/\/digikaaslane.spordimuuseum.ee\/lv\/wp-json\/wp\/v2\/pages"}],"about":[{"href":"https:\/\/digikaaslane.spordimuuseum.ee\/lv\/wp-json\/wp\/v2\/types\/page"}],"author":[{"embeddable":true,"href":"https:\/\/digikaaslane.spordimuuseum.ee\/lv\/wp-json\/wp\/v2\/users\/1"}],"replies":[{"embeddable":true,"href":"https:\/\/digikaaslane.spordimuuseum.ee\/lv\/wp-json\/wp\/v2\/comments?post=2992"}],"version-history":[{"count":9,"href":"https:\/\/digikaaslane.spordimuuseum.ee\/lv\/wp-json\/wp\/v2\/pages\/2992\/revisions"}],"predecessor-version":[{"id":7865,"href":"https:\/\/digikaaslane.spordimuuseum.ee\/lv\/wp-json\/wp\/v2\/pages\/2992\/revisions\/7865"}],"wp:attachment":[{"href":"https:\/\/digikaaslane.spordimuuseum.ee\/lv\/wp-json\/wp\/v2\/media?parent=2992"}],"curies":[{"name":"wp","href":"https:\/\/api.w.org\/{rel}","templated":true}]}}